{"id":20,"date":"2021-02-03T22:36:17","date_gmt":"2021-02-03T21:36:17","guid":{"rendered":"http:\/\/librairiebourbonnaise.fr\/?page_id=20"},"modified":"2021-02-07T23:15:27","modified_gmt":"2021-02-07T22:15:27","slug":"accueil","status":"publish","type":"page","link":"https:\/\/librairiebourbonnaise.fr\/","title":{"rendered":""},"content":{"rendered":"\n<h2>Nos nouveaut\u00e9s<\/h2>\n\n\n<ul class=\"wp-block-latest-posts__list is-grid columns-3 wp-block-latest-posts\"><li><div class=\"wp-block-latest-posts__featured-image aligncenter\"><a href=\"https:\/\/librairiebourbonnaise.fr\/?p=120\"><img width=\"300\" height=\"188\" src=\"https:\/\/librairiebourbonnaise.fr\/wp-content\/uploads\/2021\/02\/11482_1-300x188.jpg\" class=\"attachment-medium size-medium wp-post-image\" alt=\"\" loading=\"lazy\" style=\"\" srcset=\"https:\/\/librairiebourbonnaise.fr\/wp-content\/uploads\/2021\/02\/11482_1-300x188.jpg 300w, https:\/\/librairiebourbonnaise.fr\/wp-content\/uploads\/2021\/02\/11482_1-768x481.jpg 768w, https:\/\/librairiebourbonnaise.fr\/wp-content\/uploads\/2021\/02\/11482_1.jpg 790w\" sizes=\"(max-width: 300px) 100vw, 300px\" \/><\/a><\/div><a href=\"https:\/\/librairiebourbonnaise.fr\/?p=120\">\u200e[MOREAU LE JEUNE] &#8211; \u200e \u200eMOLIERE. Oeuvres de Moli\u00e8re avec des remarques grammaticales<\/a><div class=\"wp-block-latest-posts__post-excerpt\">Paris, Compagnie des Libraires Associ\u00e9s, an 13 (1804) ; 6 vol. in-8. Plein veau racin\u00e9, dos lisses [&hellip;]<\/div><\/li>\n<li><div class=\"wp-block-latest-posts__featured-image aligncenter\"><a href=\"https:\/\/librairiebourbonnaise.fr\/?p=117\"><img width=\"199\" height=\"300\" src=\"https:\/\/librairiebourbonnaise.fr\/wp-content\/uploads\/2021\/02\/11483_1-199x300.jpg\" class=\"attachment-medium size-medium wp-post-image\" alt=\"\" loading=\"lazy\" style=\"\" srcset=\"https:\/\/librairiebourbonnaise.fr\/wp-content\/uploads\/2021\/02\/11483_1-199x300.jpg 199w, https:\/\/librairiebourbonnaise.fr\/wp-content\/uploads\/2021\/02\/11483_1.jpg 523w\" sizes=\"(max-width: 199px) 100vw, 199px\" \/><\/a><\/div><a href=\"https:\/\/librairiebourbonnaise.fr\/?p=117\">\u200eTRAPES (Bernard).\u200e\u200eFigures c\u00e9l\u00e8bres de l&rsquo;Allier.\u200e<\/a><div class=\"wp-block-latest-posts__post-excerpt\">&nbsp;Aurillac, Imprimerie Moderne, 2002 ; in-8 (24 x 16 cm), broch\u00e9. 369pp. XII feuillets d&rsquo;illustrations en noir [&hellip;]<\/div><\/li>\n<li><div class=\"wp-block-latest-posts__featured-image aligncenter\"><a href=\"https:\/\/librairiebourbonnaise.fr\/?p=109\"><img width=\"200\" height=\"300\" src=\"https:\/\/librairiebourbonnaise.fr\/wp-content\/uploads\/2021\/02\/11337_2-200x300.jpg\" class=\"attachment-medium size-medium wp-post-image\" alt=\"\" loading=\"lazy\" style=\"\" srcset=\"https:\/\/librairiebourbonnaise.fr\/wp-content\/uploads\/2021\/02\/11337_2-200x300.jpg 200w, https:\/\/librairiebourbonnaise.fr\/wp-content\/uploads\/2021\/02\/11337_2.jpg 526w\" sizes=\"(max-width: 200px) 100vw, 200px\" \/><\/a><\/div><a href=\"https:\/\/librairiebourbonnaise.fr\/?p=109\">\u200eALMANACH de Versailles Ann\u00e9e 1777.<\/a><div class=\"wp-block-latest-posts__post-excerpt\">Versailles, chez Blaizot &#8211; Paris, chez Valade et Deschamps, (de l&rsquo;imprimerie de Ph. Denys Pierres), s. d., [&hellip;]<\/div><\/li>\n<\/ul>\n\n\n<h2>La Librairie<\/h2>\n\n\n\n<div class=\"wp-block-columns\">\n<div class=\"wp-block-column\" style=\"flex-basis:33.33%\">\n<div class=\"wp-block-image\"><figure class=\"aligncenter size-medium\"><img loading=\"lazy\" width=\"210\" height=\"300\" src=\"http:\/\/librairiebourbonnaise.fr\/wp-content\/uploads\/2021\/02\/Screenshot-2021-01-18-at-22.29.39-copy-edited-210x300.jpg\" alt=\"\" class=\"wp-image-72\" srcset=\"https:\/\/librairiebourbonnaise.fr\/wp-content\/uploads\/2021\/02\/Screenshot-2021-01-18-at-22.29.39-copy-edited-210x300.jpg 210w, https:\/\/librairiebourbonnaise.fr\/wp-content\/uploads\/2021\/02\/Screenshot-2021-01-18-at-22.29.39-copy-edited-717x1024.jpg 717w, https:\/\/librairiebourbonnaise.fr\/wp-content\/uploads\/2021\/02\/Screenshot-2021-01-18-at-22.29.39-copy-edited-768x1097.jpg 768w, https:\/\/librairiebourbonnaise.fr\/wp-content\/uploads\/2021\/02\/Screenshot-2021-01-18-at-22.29.39-copy-edited-1076x1536.jpg 1076w, https:\/\/librairiebourbonnaise.fr\/wp-content\/uploads\/2021\/02\/Screenshot-2021-01-18-at-22.29.39-copy-edited.jpg 1178w\" sizes=\"(max-width: 210px) 100vw, 210px\" \/><\/figure><\/div>\n<\/div>\n\n\n\n<div class=\"wp-block-column\" style=\"flex-basis:66.66%\">\n<p>La&nbsp;<strong>Librairie Bourbonnaise<\/strong>&nbsp;est la r\u00e9f\u00e9rence en&nbsp;<strong>livres anciens<\/strong>&nbsp;et&nbsp;<strong>modernes<\/strong>&nbsp;\u00e0&nbsp;<strong>Vichy, Moulins, Montlu\u00e7on\u2026 (Allier \u2013 03).<\/strong><br>Elle vous propose un ensemble de&nbsp;<strong>livres rares<\/strong>&nbsp;et&nbsp;<strong>anciens<\/strong>&nbsp;des&nbsp;<strong>XVIe<\/strong>&nbsp;au&nbsp;<strong>XVIIIe<\/strong>&nbsp;si\u00e8cle, de la&nbsp;<strong>litt\u00e9rature<\/strong>&nbsp;et des&nbsp;<strong>sciences<\/strong>&nbsp;, des&nbsp;<strong>livres modernes illustr\u00e9s, livres d\u2019enfants, beaux arts, r\u00e9gionalisme Bourbonnais,<\/strong>&nbsp;Auvergne et autres r\u00e9gions.&nbsp;<\/p>\n<\/div>\n<\/div>\n\n\n\n<div class=\"wp-block-group\"><div class=\"wp-block-group__inner-container\">\n<div class=\"wp-block-columns\">\n<div class=\"wp-block-column\" style=\"flex-basis:100%\">\n<div class=\"wp-block-columns\">\n<div class=\"wp-block-column\" style=\"flex-basis:66.66%\">\n<p>Nous vous proposons un&nbsp;<strong>service d\u2019expertise<\/strong>&nbsp;de vos livres lors de&nbsp;<strong>succession, partage<\/strong>&nbsp;ou&nbsp;<strong>vente<\/strong>&nbsp;de votre&nbsp;<strong>biblioth\u00e8que,<\/strong>&nbsp;fort d\u2019une exp\u00e9rience de plus de dix ans. Nous sommes \u00e9galement expert pr\u00e8s la&nbsp;<strong>Cour d\u2019Appel de Riom<\/strong>, et officions pour des salles de ventes comme celle de&nbsp;<strong>Clermont-Ferrand.<\/strong><\/p>\n<\/div>\n\n\n\n<div class=\"wp-block-column\" style=\"flex-basis:33.33%\">\n<div class=\"wp-block-image\"><figure class=\"alignleft size-medium\"><img loading=\"lazy\" width=\"300\" height=\"225\" src=\"http:\/\/librairiebourbonnaise.fr\/wp-content\/uploads\/2021\/02\/3fe8ad69-f241-4953-b65a-7cb9ecc39840-1600-1536x1152-1-300x225.jpg\" alt=\"\" class=\"wp-image-73\" srcset=\"https:\/\/librairiebourbonnaise.fr\/wp-content\/uploads\/2021\/02\/3fe8ad69-f241-4953-b65a-7cb9ecc39840-1600-1536x1152-1-300x225.jpg 300w, https:\/\/librairiebourbonnaise.fr\/wp-content\/uploads\/2021\/02\/3fe8ad69-f241-4953-b65a-7cb9ecc39840-1600-1536x1152-1-1024x768.jpg 1024w, https:\/\/librairiebourbonnaise.fr\/wp-content\/uploads\/2021\/02\/3fe8ad69-f241-4953-b65a-7cb9ecc39840-1600-1536x1152-1-768x576.jpg 768w, https:\/\/librairiebourbonnaise.fr\/wp-content\/uploads\/2021\/02\/3fe8ad69-f241-4953-b65a-7cb9ecc39840-1600-1536x1152-1.jpg 1536w\" sizes=\"(max-width: 300px) 100vw, 300px\" \/><\/figure><\/div>\n<\/div>\n<\/div>\n<\/div>\n<\/div>\n<\/div><\/div>\n\n\n\n<div class=\"wp-block-columns\">\n<div class=\"wp-block-column\" style=\"flex-basis:33.33%\">\n<figure class=\"wp-block-image alignfull size-large\"><img loading=\"lazy\" width=\"566\" height=\"291\" src=\"http:\/\/librairiebourbonnaise.fr\/wp-content\/uploads\/2021\/02\/394201b7-30eb-4c3f-b460-7fe87d74468e-1600-2.jpg\" alt=\"\" class=\"wp-image-78\" srcset=\"https:\/\/librairiebourbonnaise.fr\/wp-content\/uploads\/2021\/02\/394201b7-30eb-4c3f-b460-7fe87d74468e-1600-2.jpg 566w, https:\/\/librairiebourbonnaise.fr\/wp-content\/uploads\/2021\/02\/394201b7-30eb-4c3f-b460-7fe87d74468e-1600-2-300x154.jpg 300w\" sizes=\"(max-width: 566px) 100vw, 566px\" \/><\/figure>\n<\/div>\n\n\n\n<div class=\"wp-block-column\" style=\"flex-basis:66.66%\">\n<p><strong><u>PROCHAINE VENTE<\/u><\/strong><\/p>\n\n\n\n<p>Vente en pr\u00e9paration pour le 6 octobre<strong>&nbsp;2020<\/strong><br>\u00e0 l\u2019<strong>H\u00f4tel des ventes de Clermont-Ferrand<\/strong>.<\/p>\n\n\n\n<p>Contact Michel Th\u00e9venet,<br><strong>04 70 98 92 23<\/strong><\/p>\n\n\n\n<p><strong>D\u00e9placements<\/strong>&nbsp;gratuits \u00e0 la demande pour l\u2019achat ou l\u2019<strong>estimation<\/strong>&nbsp;de vos livres, gravures, dessins.<\/p>\n\n\n\n<p>Conseil personnalis\u00e9 assur\u00e9.<\/p>\n<\/div>\n<\/div>\n","protected":false},"excerpt":{"rendered":"<p>Nos nouveaut\u00e9s La Librairie La&nbsp;Librairie Bourbonnaise&nbsp;est la r\u00e9f\u00e9rence en&nbsp;livres anciens&nbsp;et&nbsp;modernes&nbsp;\u00e0&nbsp;Vichy, Moulins, Montlu\u00e7on\u2026 (Allier \u2013 03).Elle vous propose un ensemble de&nbsp;livres rares&nbsp;et&nbsp;anciens&nbsp;des&nbsp;XVIe&nbsp;au&nbsp;XVIIIe&nbsp;si\u00e8cle, de la&nbsp;litt\u00e9rature&nbsp;et des&nbsp;sciences&nbsp;, des&nbsp;livres modernes illustr\u00e9s, livres d\u2019enfants, beaux arts, r\u00e9gionalisme Bourbonnais,&nbsp;Auvergne et autres r\u00e9gions.&nbsp; PROCHAINE VENTE Vente en pr\u00e9paration pour le 6 octobre&nbsp;2020\u00e0 l\u2019H\u00f4tel des ventes de Clermont-Ferrand. Contact Michel Th\u00e9venet,04 70 98 [&hellip;]<\/p>\n","protected":false},"author":1,"featured_media":73,"parent":0,"menu_order":0,"comment_status":"closed","ping_status":"closed","template":"","meta":[],"_links":{"self":[{"href":"https:\/\/librairiebourbonnaise.fr\/index.php?rest_route=\/wp\/v2\/pages\/20"}],"collection":[{"href":"https:\/\/librairiebourbonnaise.fr\/index.php?rest_route=\/wp\/v2\/pages"}],"about":[{"href":"https:\/\/librairiebourbonnaise.fr\/index.php?rest_route=\/wp\/v2\/types\/page"}],"author":[{"embeddable":true,"href":"https:\/\/librairiebourbonnaise.fr\/index.php?rest_route=\/wp\/v2\/users\/1"}],"replies":[{"embeddable":true,"href":"https:\/\/librairiebourbonnaise.fr\/index.php?rest_route=%2Fwp%2Fv2%2Fcomments&post=20"}],"version-history":[{"count":19,"href":"https:\/\/librairiebourbonnaise.fr\/index.php?rest_route=\/wp\/v2\/pages\/20\/revisions"}],"predecessor-version":[{"id":135,"href":"https:\/\/librairiebourbonnaise.fr\/index.php?rest_route=\/wp\/v2\/pages\/20\/revisions\/135"}],"wp:featuredmedia":[{"embeddable":true,"href":"https:\/\/librairiebourbonnaise.fr\/index.php?rest_route=\/wp\/v2\/media\/73"}],"wp:attachment":[{"href":"https:\/\/librairiebourbonnaise.fr\/index.php?rest_route=%2Fwp%2Fv2%2Fmedia&parent=20"}],"curies":[{"name":"wp","href":"https:\/\/api.w.org\/{rel}","templated":true}]}}